{"id":2385,"date":"2026-03-13T14:26:20","date_gmt":"2026-03-13T13:26:20","guid":{"rendered":"https:\/\/www.extradesignblog.eu\/?page_id=2385"},"modified":"2026-03-19T20:41:10","modified_gmt":"2026-03-19T19:41:10","slug":"navrh-interieru","status":"publish","type":"page","link":"https:\/\/www.extradesignblog.eu\/en\/sluzby\/navrh-interieru\/","title":{"rendered":"Interior projects"},"content":{"rendered":"<div data-elementor-type=\"wp-page\" data-elementor-id=\"2385\" class=\"elementor elementor-2385\">\n\t\t\t\t<div class=\"elementor-element elementor-element-d7dcdd5 e-flex e-con-boxed wpr-particle-no wpr-jarallax-no wpr-parallax-no wpr-sticky-section-no e-con e-parent\" data-id=\"d7dcdd5\" data-element_type=\"container\">\n\t\t\t\t\t<div class=\"e-con-inner\">\n\t\t<div class=\"elementor-element elementor-element-173a0cb e-con-full e-flex wpr-particle-no wpr-jarallax-no wpr-parallax-no wpr-sticky-section-no e-con e-child\" data-id=\"173a0cb\" data-element_type=\"container\">\n\t\t\t\t<div class=\"elementor-element elementor-element-6c28333 elementor-widget elementor-widget-text-editor\" data-id=\"6c28333\" data-element_type=\"widget\" data-widget_type=\"text-editor.default\">\n\t\t\t\t<div class=\"elementor-widget-container\">\n\t\t\t\t\t\t\t\t\t<p>Interior projects<\/p>\t\t\t\t\t\t\t\t<\/div>\n\t\t\t\t<\/div>\n\t\t\t\t<div class=\"elementor-element elementor-element-a6e85ca elementor-widget elementor-widget-text-editor\" data-id=\"a6e85ca\" data-element_type=\"widget\" data-widget_type=\"text-editor.default\">\n\t\t\t\t<div class=\"elementor-widget-container\">\n\t\t\t\t\t\t\t\t\t<p>Who is this service for?<\/p>\t\t\t\t\t\t\t\t<\/div>\n\t\t\t\t<\/div>\n\t\t\t\t<div class=\"elementor-element elementor-element-9afd04b elementor-widget elementor-widget-text-editor\" data-id=\"9afd04b\" data-element_type=\"widget\" data-widget_type=\"text-editor.default\">\n\t\t\t\t<div class=\"elementor-widget-container\">\n\t\t\t\t\t\t\t\t\t<p data-start=\"118\" data-end=\"333\">Slu\u017eba je ur\u010den\u00e1 pre klientov, ktor\u00ed chc\u00fa svoj <strong>priestor rie\u0161i\u0165 do h\u013abky, s d\u00f4razom na detail a nad\u010dasovos\u0165.<\/strong> N\u00e1vrh pracuje s kontinuitou medzi jednotliv\u00fdmi miestnos\u0165ami, celkovou atmosf\u00e9rou a charakterom interi\u00e9ru. <strong>Cie\u013eom je vytvori\u0165 premyslen\u00fd celok, kde jednotliv\u00e9 priestory prirodzene nadv\u00e4zuj\u00fa<\/strong> a reflektuj\u00fa potreby a \u017eivotn\u00fd \u0161t\u00fdl klienta. V\u00fdsledkom je ucelen\u00fd n\u00e1vrh, ktor\u00fd sp\u00e1ja funk\u010dnos\u0165, estetiku a dlhodob\u00fa hodnotu.<\/p><p data-start=\"649\" data-end=\"839\">\u00a0<\/p><p data-start=\"649\" data-end=\"839\">V porovnan\u00ed so slu\u017ebou <a href=\"https:\/\/www.extradesignblog.eu\/en\/sluzby\/male-projekty\/\">\u201eMal\u00e9 projekty\u201c<\/a> ide o komplexnej\u0161\u00ed pr\u00edstup, ktor\u00fd umo\u017e\u0148uje pracova\u0165 s interi\u00e9rom v \u0161ir\u0161\u00edch s\u00favislostiach. <strong>Je\u00a0ur\u010den\u00fd najm\u00e4 pre n\u00e1vrh cel\u00e9ho bytu alebo domu.<\/strong><\/p><p data-start=\"649\" data-end=\"839\">\u00a0<\/p><p data-start=\"649\" data-end=\"839\">Slu\u017eba je vhodn\u00e1 aj pre developersk\u00e9 projekty, kancel\u00e1rie a in\u00e9 komer\u010dn\u00e9 priestory, kde je cie\u013eom vytvori\u0165 funk\u010dn\u00fd a vizu\u00e1lne atrakt\u00edvny interi\u00e9r<\/p><p data-start=\"649\" data-end=\"839\"><strong>s d\u00f4razom na identitu projektu.<\/strong><\/p>\t\t\t\t\t\t\t\t<\/div>\n\t\t\t\t<\/div>\n\t\t\t\t<div class=\"elementor-element elementor-element-f70dda0 elementor-align-center elementor-widget elementor-widget-button\" data-id=\"f70dda0\" data-element_type=\"widget\" data-widget_type=\"button.default\">\n\t\t\t\t<div class=\"elementor-widget-container\">\n\t\t\t\t\t\t\t\t\t<div class=\"elementor-button-wrapper\">\n\t\t\t\t\t<a class=\"elementor-button elementor-button-link elementor-size-sm\" href=\"https:\/\/www.extradesignblog.eu\/en\/contact\/\">\n\t\t\t\t\t\t<span class=\"elementor-button-content-wrapper\">\n\t\t\t\t\t\t\t\t\t<span class=\"elementor-button-text\">BOOK THIS SERVICE<\/span>\n\t\t\t\t\t<\/span>\n\t\t\t\t\t<\/a>\n\t\t\t\t<\/div>\n\t\t\t\t\t\t\t\t<\/div>\n\t\t\t\t<\/div>\n\t\t\t\t<\/div>\n\t\t\t\t\t<\/div>\n\t\t\t\t<\/div>\n\t\t\t\t<\/div>","protected":false},"excerpt":{"rendered":"<p>N\u00e1vrh interi\u00e9ru Pre koho? Slu\u017eba je ur\u010den\u00e1 pre klientov, ktor\u00ed chc\u00fa svoj priestor rie\u0161i\u0165 do h\u013abky, s d\u00f4razom na detail a nad\u010dasovos\u0165. N\u00e1vrh pracuje s kontinuitou medzi jednotliv\u00fdmi miestnos\u0165ami, celkovou atmosf\u00e9rou a charakterom interi\u00e9ru. Cie\u013eom je vytvori\u0165 premyslen\u00fd celok, kde jednotliv\u00e9 priestory prirodzene nadv\u00e4zuj\u00fa a reflektuj\u00fa potreby a \u017eivotn\u00fd \u0161t\u00fdl klienta. V\u00fdsledkom je ucelen\u00fd n\u00e1vrh, ktor\u00fd sp\u00e1ja funk\u010dnos\u0165, estetiku a dlhodob\u00fa hodnotu. \u00a0 V porovnan\u00ed so slu\u017ebou \u201eMal\u00e9 projekty\u201c ide o komplexnej\u0161\u00ed pr\u00edstup, ktor\u00fd umo\u017e\u0148uje pracova\u0165 s interi\u00e9rom v \u0161ir\u0161\u00edch s\u00favislostiach. Je\u00a0ur\u010den\u00fd najm\u00e4 pre n\u00e1vrh cel\u00e9ho bytu alebo domu. \u00a0 Slu\u017eba je vhodn\u00e1 aj pre developersk\u00e9 projekty, kancel\u00e1rie a in\u00e9 komer\u010dn\u00e9 priestory, kde je cie\u013eom vytvori\u0165 funk\u010dn\u00fd a vizu\u00e1lne atrakt\u00edvny interi\u00e9r s d\u00f4razom na identitu projektu. REZERVOVA\u0164 SLU\u017dBU<\/p>","protected":false},"author":1,"featured_media":0,"parent":2210,"menu_order":0,"comment_status":"closed","ping_status":"closed","template":"","meta":{"om_disable_all_campaigns":false,"_monsterinsights_skip_tracking":false,"_monsterinsights_sitenote_active":false,"_monsterinsights_sitenote_note":"","_monsterinsights_sitenote_category":0,"_uf_show_specific_survey":0,"_uf_disable_surveys":false,"footnotes":""},"class_list":["post-2385","page","type-page","status-publish","hentry"],"aioseo_notices":[],"_links":{"self":[{"href":"https:\/\/www.extradesignblog.eu\/en\/wp-json\/wp\/v2\/pages\/2385","targetHints":{"allow":["GET"]}}],"collection":[{"href":"https:\/\/www.extradesignblog.eu\/en\/wp-json\/wp\/v2\/pages"}],"about":[{"href":"https:\/\/www.extradesignblog.eu\/en\/wp-json\/wp\/v2\/types\/page"}],"author":[{"embeddable":true,"href":"https:\/\/www.extradesignblog.eu\/en\/wp-json\/wp\/v2\/users\/1"}],"replies":[{"embeddable":true,"href":"https:\/\/www.extradesignblog.eu\/en\/wp-json\/wp\/v2\/comments?post=2385"}],"version-history":[{"count":6,"href":"https:\/\/www.extradesignblog.eu\/en\/wp-json\/wp\/v2\/pages\/2385\/revisions"}],"predecessor-version":[{"id":2531,"href":"https:\/\/www.extradesignblog.eu\/en\/wp-json\/wp\/v2\/pages\/2385\/revisions\/2531"}],"up":[{"embeddable":true,"href":"https:\/\/www.extradesignblog.eu\/en\/wp-json\/wp\/v2\/pages\/2210"}],"wp:attachment":[{"href":"https:\/\/www.extradesignblog.eu\/en\/wp-json\/wp\/v2\/media?parent=2385"}],"curies":[{"name":"wp","href":"https:\/\/api.w.org\/{rel}","templated":true}]}}