{"id":2375,"date":"2026-03-13T14:18:33","date_gmt":"2026-03-13T13:18:33","guid":{"rendered":"https:\/\/www.extradesignblog.eu\/?page_id=2375"},"modified":"2026-03-22T21:43:13","modified_gmt":"2026-03-22T20:43:13","slug":"male-projekty","status":"publish","type":"page","link":"https:\/\/www.extradesignblog.eu\/en\/sluzby\/male-projekty\/","title":{"rendered":"Mal\u00e9 projekty"},"content":{"rendered":"<div data-elementor-type=\"wp-page\" data-elementor-id=\"2375\" class=\"elementor elementor-2375\">\n\t\t\t\t<div class=\"elementor-element elementor-element-d44bb9f e-flex e-con-boxed wpr-particle-no wpr-jarallax-no wpr-parallax-no wpr-sticky-section-no e-con e-parent\" data-id=\"d44bb9f\" data-element_type=\"container\">\n\t\t\t\t\t<div class=\"e-con-inner\">\n\t\t<div class=\"elementor-element elementor-element-ab34859 e-con-full e-flex wpr-particle-no wpr-jarallax-no wpr-parallax-no wpr-sticky-section-no e-con e-child\" data-id=\"ab34859\" data-element_type=\"container\">\n\t\t\t\t<div class=\"elementor-element elementor-element-f63de56 elementor-widget elementor-widget-text-editor\" data-id=\"f63de56\" data-element_type=\"widget\" data-widget_type=\"text-editor.default\">\n\t\t\t\t<div class=\"elementor-widget-container\">\n\t\t\t\t\t\t\t\t\t<p>Individual Rooms &amp; Compact Interiors<\/p>\t\t\t\t\t\t\t\t<\/div>\n\t\t\t\t<\/div>\n\t\t\t\t<div class=\"elementor-element elementor-element-1330679 elementor-widget elementor-widget-text-editor\" data-id=\"1330679\" data-element_type=\"widget\" data-widget_type=\"text-editor.default\">\n\t\t\t\t<div class=\"elementor-widget-container\">\n\t\t\t\t\t\t\t\t\t<p>Who is this service for?<\/p>\t\t\t\t\t\t\t\t<\/div>\n\t\t\t\t<\/div>\n\t\t\t\t<div class=\"elementor-element elementor-element-66f2372 elementor-widget elementor-widget-text-editor\" data-id=\"66f2372\" data-element_type=\"widget\" data-widget_type=\"text-editor.default\">\n\t\t\t\t<div class=\"elementor-widget-container\">\n\t\t\t\t\t\t\t\t\t<p data-start=\"108\" data-end=\"400\">This service is designed for clients who want to thoughtfully transform a specific part of their home. <strong>It is ideal for individual rooms within an existing interior,<\/strong>that require a professional design approach, without the need for a full apartment or house project. <strong>It is also perfect for compact apartments<\/strong> or independent spaces, such as studios, guest flats, or small offices, where every square metre must be used efficiently. Includes spatial planning, curated furniture, and material and colour selection to create a functional, elegant interior.<\/p>\t\t\t\t\t\t\t\t<\/div>\n\t\t\t\t<\/div>\n\t\t\t\t<\/div>\n\t\t<div class=\"elementor-element elementor-element-4bf1037 e-grid e-con-full wpr-particle-no wpr-jarallax-no wpr-parallax-no wpr-sticky-section-no e-con e-child\" data-id=\"4bf1037\" data-element_type=\"container\">\n\t\t\t\t<div class=\"elementor-element elementor-element-cae56c4 elementor-view-default elementor-position-top elementor-mobile-position-top elementor-widget elementor-widget-icon-box\" data-id=\"cae56c4\" data-element_type=\"widget\" data-widget_type=\"icon-box.default\">\n\t\t\t\t<div class=\"elementor-widget-container\">\n\t\t\t\t\t\t\t<div class=\"elementor-icon-box-wrapper\">\n\n\t\t\t\t\t\t<div class=\"elementor-icon-box-icon\">\n\t\t\t\t<span  class=\"elementor-icon\">\n\t\t\t\t<svg aria-hidden=\"true\" class=\"e-font-icon-svg e-fas-arrow-down\" viewbox=\"0 0 448 512\" xmlns=\"http:\/\/www.w3.org\/2000\/svg\"><path d=\"M413.1 222.5l22.2 22.2c9.4 9.4 9.4 24.6 0 33.9L241 473c-9.4 9.4-24.6 9.4-33.9 0L12.7 278.6c-9.4-9.4-9.4-24.6 0-33.9l22.2-22.2c9.5-9.5 25-9.3 34.3.4L184 343.4V56c0-13.3 10.7-24 24-24h32c13.3 0 24 10.7 24 24v287.4l114.8-120.5c9.3-9.8 24.8-10 34.3-.4z\"><\/path><\/svg>\t\t\t\t<\/span>\n\t\t\t<\/div>\n\t\t\t\n\t\t\t\t\t\t<div class=\"elementor-icon-box-content\">\n\n\t\t\t\t\t\t\t\t\t<h3 class=\"elementor-icon-box-title\">\n\t\t\t\t\t\t<span  >\n\t\t\t\t\t\t\tBAL\u00cdK 1 - KONCEPT\t\t\t\t\t\t<\/span>\n\t\t\t\t\t<\/h3>\n\t\t\t\t\n\t\t\t\t\t\t\t\t\t<p class=\"elementor-icon-box-description\">\n\t\t\t\t\t\tKonceptu\u00e1lny n\u00e1vrh interi\u00e9ru a dispoz\u00edcie zameran\u00fd na celkov\u00fd v\u00fdraz a \u0161t\u00fdl interi\u00e9ru.<br><br>\t\t\t\t\t<\/p>\n\t\t\t\t\n\t\t\t<\/div>\n\t\t\t\n\t\t<\/div>\n\t\t\t\t\t\t<\/div>\n\t\t\t\t<\/div>\n\t\t\t\t<div class=\"elementor-element elementor-element-6a4c631 elementor-view-default elementor-position-top elementor-mobile-position-top elementor-widget elementor-widget-icon-box\" data-id=\"6a4c631\" data-element_type=\"widget\" data-widget_type=\"icon-box.default\">\n\t\t\t\t<div class=\"elementor-widget-container\">\n\t\t\t\t\t\t\t<div class=\"elementor-icon-box-wrapper\">\n\n\t\t\t\t\t\t<div class=\"elementor-icon-box-icon\">\n\t\t\t\t<span  class=\"elementor-icon\">\n\t\t\t\t<svg aria-hidden=\"true\" class=\"e-font-icon-svg e-fas-check\" viewbox=\"0 0 512 512\" xmlns=\"http:\/\/www.w3.org\/2000\/svg\"><path d=\"M173.898 439.404l-166.4-166.4c-9.997-9.997-9.997-26.206 0-36.204l36.203-36.204c9.997-9.998 26.207-9.998 36.204 0L192 312.69 432.095 72.596c9.997-9.997 26.207-9.997 36.204 0l36.203 36.204c9.997 9.997 9.997 26.206 0 36.204l-294.4 294.401c-9.998 9.997-26.207 9.997-36.204-.001z\"><\/path><\/svg>\t\t\t\t<\/span>\n\t\t\t<\/div>\n\t\t\t\n\t\t\t\t\t\t<div class=\"elementor-icon-box-content\">\n\n\t\t\t\t\t\t\t\t\t<h3 class=\"elementor-icon-box-title\">\n\t\t\t\t\t\t<span  >\n\t\t\t\t\t\t\tPACKAGE 2 - STANDARD\t\t\t\t\t\t<\/span>\n\t\t\t\t\t<\/h3>\n\t\t\t\t\n\t\t\t\t\t\t\t\t\t<p class=\"elementor-icon-box-description\">\n\t\t\t\t\t\tPremie\u0148a koncept na premyslen\u00fa estetick\u00fa v\u00edziu s v\u00fdberom osobit\u00fdch a kvalitn\u00fdch prvkov.<br><br>\t\t\t\t\t<\/p>\n\t\t\t\t\n\t\t\t<\/div>\n\t\t\t\n\t\t<\/div>\n\t\t\t\t\t\t<\/div>\n\t\t\t\t<\/div>\n\t\t\t\t<div class=\"elementor-element elementor-element-5364c68 elementor-view-default elementor-position-top elementor-mobile-position-top elementor-widget elementor-widget-icon-box\" data-id=\"5364c68\" data-element_type=\"widget\" data-widget_type=\"icon-box.default\">\n\t\t\t\t<div class=\"elementor-widget-container\">\n\t\t\t\t\t\t\t<div class=\"elementor-icon-box-wrapper\">\n\n\t\t\t\t\t\t<div class=\"elementor-icon-box-icon\">\n\t\t\t\t<span  class=\"elementor-icon\">\n\t\t\t\t<svg aria-hidden=\"true\" class=\"e-font-icon-svg e-fas-rainbow\" viewbox=\"0 0 576 512\" xmlns=\"http:\/\/www.w3.org\/2000\/svg\"><path d=\"M268.3 32.7C115.4 42.9 0 176.9 0 330.2V464c0 8.8 7.2 16 16 16h32c8.8 0 16-7.2 16-16V320C64 186.8 180.9 80.3 317.5 97.9 430.4 112.4 512 214 512 327.8V464c0 8.8 7.2 16 16 16h32c8.8 0 16-7.2 16-16V320c0-165.3-140-298.6-307.7-287.3zm-5.6 96.9C166 142 96 229.1 96 326.7V464c0 8.8 7.2 16 16 16h32c8.8 0 16-7.2 16-16V320c0-74.8 64.5-134.8 140.8-127.4 66.5 6.5 115.2 66.2 115.2 133.1V464c0 8.8 7.2 16 16 16h32c8.8 0 16-7.2 16-16V320c0-114.2-100.2-205.4-217.3-190.4zm6.2 96.3c-45.6 8.9-76.9 51.5-76.9 97.9V464c0 8.8 7.2 16 16 16h32c8.8 0 16-7.2 16-16V320c0-17.6 14.3-32 32-32s32 14.4 32 32v144c0 8.8 7.2 16 16 16h32c8.8 0 16-7.2 16-16V320c0-59.2-53.8-106-115.1-94.1z\"><\/path><\/svg>\t\t\t\t<\/span>\n\t\t\t<\/div>\n\t\t\t\n\t\t\t\t\t\t<div class=\"elementor-icon-box-content\">\n\n\t\t\t\t\t\t\t\t\t<h3 class=\"elementor-icon-box-title\">\n\t\t\t\t\t\t<span  >\n\t\t\t\t\t\t\tPACKAGE 3 - DETAIL\t\t\t\t\t\t<\/span>\n\t\t\t\t\t<\/h3>\n\t\t\t\t\n\t\t\t\t\t\t\t\t\t<p class=\"elementor-icon-box-description\">\n\t\t\t\t\t\tKompletn\u00fd n\u00e1vrh s projektovou dokument\u00e1ciou pre pohodln\u00e9 nacenenie a realiz\u00e1ciu interi\u00e9ru.\t\t\t\t\t<\/p>\n\t\t\t\t\n\t\t\t<\/div>\n\t\t\t\n\t\t<\/div>\n\t\t\t\t\t\t<\/div>\n\t\t\t\t<\/div>\n\t\t\t\t<\/div>\n\t\t\t\t<div class=\"elementor-element elementor-element-9c79446 elementor-widget elementor-widget-text-editor\" data-id=\"9c79446\" data-element_type=\"widget\" data-widget_type=\"text-editor.default\">\n\t\t\t\t<div class=\"elementor-widget-container\">\n\t\t\t\t\t\t\t\t\t<p><b>Bal\u00edk KONCEPT obsahuje:<\/b><\/p>\t\t\t\t\t\t\t\t<\/div>\n\t\t\t\t<\/div>\n\t\t\t\t<div class=\"elementor-element elementor-element-e812c1e elementor-widget elementor-widget-text-editor\" data-id=\"e812c1e\" data-element_type=\"widget\" data-widget_type=\"text-editor.default\">\n\t\t\t\t<div class=\"elementor-widget-container\">\n\t\t\t\t\t\t\t\t\t<p><strong>Scope of service:<\/strong><br \/><strong>1.<\/strong> Project briefing and analysis of the existing space and initial consultation<br \/><strong>2.<\/strong> First design proposal including layout plan, moodboard, and initial design previews (renders)<br \/><strong>3.<\/strong> Design consultation with recommendations<br \/><strong>4.<\/strong> Final design refinement<br \/><strong>5.<\/strong> Project access for 6 weeks after delivery for follow-up work and consultations<\/p><p>\u00a0<\/p><p><strong>Project deliverables:<\/strong><br \/>1\u00d7 design concept description, 1\u00d7 dimensioned layout plan, 1\u00d7 moodboard with material and colour notes, 2\u20133\u00d7 visualizations<\/p>\t\t\t\t\t\t\t\t<\/div>\n\t\t\t\t<\/div>\n\t\t\t\t<div class=\"elementor-element elementor-element-0682153 elementor-widget-divider--view-line elementor-widget elementor-widget-divider\" data-id=\"0682153\" data-element_type=\"widget\" data-widget_type=\"divider.default\">\n\t\t\t\t<div class=\"elementor-widget-container\">\n\t\t\t\t\t\t\t<div class=\"elementor-divider\">\n\t\t\t<span class=\"elementor-divider-separator\">\n\t\t\t\t\t\t<\/span>\n\t\t<\/div>\n\t\t\t\t\t\t<\/div>\n\t\t\t\t<\/div>\n\t\t\t\t<div class=\"elementor-element elementor-element-07bdf68 elementor-widget elementor-widget-text-editor\" data-id=\"07bdf68\" data-element_type=\"widget\" data-widget_type=\"text-editor.default\">\n\t\t\t\t<div class=\"elementor-widget-container\">\n\t\t\t\t\t\t\t\t\t<p><b>STANDARD Package Overview<\/b><\/p>\t\t\t\t\t\t\t\t<\/div>\n\t\t\t\t<\/div>\n\t\t\t\t<div class=\"elementor-element elementor-element-39bbf7d elementor-widget elementor-widget-text-editor\" data-id=\"39bbf7d\" data-element_type=\"widget\" data-widget_type=\"text-editor.default\">\n\t\t\t\t<div class=\"elementor-widget-container\">\n\t\t\t\t\t\t\t\t\t<p><strong>Scope of service:<\/strong><\/p><p>To ist\u00e9, \u010do bal\u00edk KONCEPT<br \/><strong>+<\/strong><br \/>Detailed list of selected elements \u2013 furniture, lighting, accessories, and materials \u2013 enabling the design concept to be fully realised and prepared for purchase or order.<\/p><p><strong>Project deliverables:<\/strong><br \/>Preh\u013eadn\u00e1 PDF prezent\u00e1cia obsahuj\u00faca: 1x popis dizajnov\u00e9ho konceptu,1x p\u00f4dorys s rozmermi, 1x moodboard s popisom farieb a materi\u00e1lov, 2-3x vizualiz\u00e1cia, 1x detailn\u00fd zoznam (v\u00fdpis) navrhovan\u00fdch prvkov<\/p>\t\t\t\t\t\t\t\t<\/div>\n\t\t\t\t<\/div>\n\t\t\t\t<div class=\"elementor-element elementor-element-1e7721b elementor-widget-divider--view-line elementor-widget elementor-widget-divider\" data-id=\"1e7721b\" data-element_type=\"widget\" data-widget_type=\"divider.default\">\n\t\t\t\t<div class=\"elementor-widget-container\">\n\t\t\t\t\t\t\t<div class=\"elementor-divider\">\n\t\t\t<span class=\"elementor-divider-separator\">\n\t\t\t\t\t\t<\/span>\n\t\t<\/div>\n\t\t\t\t\t\t<\/div>\n\t\t\t\t<\/div>\n\t\t\t\t<div class=\"elementor-element elementor-element-ad70736 elementor-widget elementor-widget-text-editor\" data-id=\"ad70736\" data-element_type=\"widget\" data-widget_type=\"text-editor.default\">\n\t\t\t\t<div class=\"elementor-widget-container\">\n\t\t\t\t\t\t\t\t\t<p><b>DETAIL Package Overview<\/b><\/p>\t\t\t\t\t\t\t\t<\/div>\n\t\t\t\t<\/div>\n\t\t\t\t<div class=\"elementor-element elementor-element-75d2216 elementor-widget elementor-widget-text-editor\" data-id=\"75d2216\" data-element_type=\"widget\" data-widget_type=\"text-editor.default\">\n\t\t\t\t<div class=\"elementor-widget-container\">\n\t\t\t\t\t\t\t\t\t<p><strong>Scope of service:<\/strong><\/p><p>Everything included in the STANDARD Package<br \/><strong>+<\/strong><br \/>Complete set of visualizations\u00a0<br \/>Technical drawings, including custom carpentry and key furniture elements, with dimensioned elevations for all walls.<\/p><p><strong>Project deliverables:<\/strong><br \/>Preh\u013eadn\u00e1 PDF prezent\u00e1cia obsahuj\u00faca: 1x popis dizajnov\u00e9ho konceptu,1x p\u00f4dorys s rozmermi, 1x moodboard s popisom farieb a materi\u00e1lov, 4x vizualiz\u00e1cia, 1x detailn\u00fd zoznam (v\u00fdpis) navrhovan\u00fdch prvkov, v\u00fdkresov\u00e1 dokument\u00e1cia\u00a0<\/p>\t\t\t\t\t\t\t\t<\/div>\n\t\t\t\t<\/div>\n\t\t<div class=\"elementor-element elementor-element-3f79bda e-con-full e-flex wpr-particle-no wpr-jarallax-no wpr-parallax-no wpr-sticky-section-no e-con e-child\" data-id=\"3f79bda\" data-element_type=\"container\">\n\t\t\t\t<div class=\"elementor-element elementor-element-c44f0a3 elementor-align-center elementor-widget elementor-widget-button\" data-id=\"c44f0a3\" data-element_type=\"widget\" data-widget_type=\"button.default\">\n\t\t\t\t<div class=\"elementor-widget-container\">\n\t\t\t\t\t\t\t\t\t<div class=\"elementor-button-wrapper\">\n\t\t\t\t\t<a class=\"elementor-button elementor-button-link elementor-size-sm\" href=\"https:\/\/www.extradesignblog.eu\/en\/contact\/\">\n\t\t\t\t\t\t<span class=\"elementor-button-content-wrapper\">\n\t\t\t\t\t\t\t\t\t<span class=\"elementor-button-text\">BOOK THIS SERVICE<\/span>\n\t\t\t\t\t<\/span>\n\t\t\t\t\t<\/a>\n\t\t\t\t<\/div>\n\t\t\t\t\t\t\t\t<\/div>\n\t\t\t\t<\/div>\n\t\t\t\t<\/div>\n\t\t\t\t\t<\/div>\n\t\t\t\t<\/div>\n\t\t\t\t<\/div>","protected":false},"excerpt":{"rendered":"<p>N\u00e1vrhy men\u0161\u00edch interi\u00e9rov a samostatn\u00fdch miestnost\u00ed do 30 m\u00b2 Pre koho? Slu\u017eba je ur\u010den\u00e1 pre klientov, ktor\u00ed chc\u00fa premyslene navrhn\u00fa\u0165 alebo zlep\u0161i\u0165 konkr\u00e9tnu \u010das\u0165 svojho b\u00fdvania. Je vhodn\u00e1 najm\u00e4 pre n\u00e1vrhy a prer\u00e1bky samostatn\u00fdch miestnost\u00ed v r\u00e1mci existuj\u00faceho interi\u00e9ru, ktor\u00e9 si vy\u017eaduj\u00fa odborn\u00fd n\u00e1vrh, no nie kompletn\u00e9 rie\u0161enie cel\u00e9ho bytu alebo domu. Z\u00e1rove\u0148 predstavuje vhodn\u00e9 rie\u0161enie pre men\u0161ie byty alebo samostatn\u00e9 priestory, ako s\u00fa apartm\u00e1ny \u010di men\u0161ie kancel\u00e1rie, kde je d\u00f4le\u017eit\u00e9 efekt\u00edvne vyu\u017eitie ka\u017ed\u00e9ho metra \u0161tvorcov\u00e9ho. S\u00fa\u010das\u0165ou slu\u017eby je n\u00e1vrh dispoz\u00edcie, v\u00fdber materi\u00e1lov a farebnosti, ako aj n\u00e1vrh zariadenia pre funk\u010dn\u00fd a esteticky vyv\u00e1\u017een\u00fd interi\u00e9r. BAL\u00cdK 1 &#8211; KONCEPT Konceptu\u00e1lny n\u00e1vrh interi\u00e9ru a dispoz\u00edcie zameran\u00fd na celkov\u00fd v\u00fdraz a \u0161t\u00fdl interi\u00e9ru. BAL\u00cdK 2 &#8211; \u0160TANDARD Premie\u0148a koncept na premyslen\u00fa estetick\u00fa v\u00edziu s v\u00fdberom osobit\u00fdch a kvalitn\u00fdch prvkov. BAL\u00cdK 3 &#8211; DETAIL Kompletn\u00fd n\u00e1vrh s projektovou dokument\u00e1ciou pre pohodln\u00e9 nacenenie a realiz\u00e1ciu interi\u00e9ru. Bal\u00edk KONCEPT obsahuje: Rozsah slu\u017eby:1. Prevzatie podkladov, anal\u00fdza existuj\u00faceho priestoru, \u00favodn\u00e1 konzult\u00e1cia2. Prv\u00e9 rie\u0161enie obsahuj\u00face: n\u00e1vrh dispoz\u00edcie (p\u00f4dorysu), moodboard a z\u00e1kladn\u00e9 vizualiz\u00e1cie3. Konzult\u00e1cia n\u00e1vrhu s odpor\u00fa\u010daniami4. Vypracovanie fin\u00e1lneho rie\u0161enia5. Projekt otvoren\u00fd po dobu 6-tich t\u00fd\u017ed\u0148ov po odvzdan\u00ed pre mo\u017enos\u0165 pokra\u010dovania pr\u00e1c \u00a0 V\u00fdstupy projektu:Preh\u013eadn\u00e1 PDF prezent\u00e1cia obsahuj\u00faca: 1x popis dizajnov\u00e9ho konceptu,1x p\u00f4dorys s rozmermi, 1x moodboard s popisom farieb a materi\u00e1lov, 2-3x vizualiz\u00e1cia Bal\u00edk \u0160TANDARD obsahuje: Rozsah slu\u017eby: To ist\u00e9, \u010do bal\u00edk KONCEPT+Konkr\u00e9tny v\u00fdpis pou\u017eit\u00fdch prvkov, ktor\u00fd umo\u017en\u00ed zhmotni\u0165 dizajnov\u00fd koncept, t.j. zoznam zah\u0155\u0148aj\u00faci n\u00e1bytok, svietidl\u00e1, doplnky, materi\u00e1ly, at\u010f. pripraven\u00e9 na n\u00e1kup alebo objedn\u00e1vku. V\u00fdstupy projektu:Preh\u013eadn\u00e1 PDF prezent\u00e1cia obsahuj\u00faca: 1x popis dizajnov\u00e9ho konceptu,1x p\u00f4dorys s rozmermi, 1x moodboard s popisom farieb a materi\u00e1lov, 2-3x vizualiz\u00e1cia, 1x detailn\u00fd zoznam (v\u00fdpis) navrhovan\u00fdch prvkov Bal\u00edk DETAIL obsahuje: Rozsah slu\u017eby: To ist\u00e9, \u010do bal\u00edk \u0160TANDARD+Kompletn\u00fd set vizualiz\u00e1ci\u00ed\u00a0V\u00fdkresov\u00fa dokument\u00e1ciu so stol\u00e1rskymi atypmi a hlavn\u00fdmi koncov\u00fdmi prvkami (poh\u013eady s rozmermi na v\u0161etky steny) V\u00fdstupy projektu:Preh\u013eadn\u00e1 PDF prezent\u00e1cia obsahuj\u00faca: 1x popis dizajnov\u00e9ho konceptu,1x p\u00f4dorys s rozmermi, 1x moodboard s popisom farieb a materi\u00e1lov, 4x vizualiz\u00e1cia, 1x detailn\u00fd zoznam (v\u00fdpis) navrhovan\u00fdch prvkov, v\u00fdkresov\u00e1 dokument\u00e1cia\u00a0 REZERVOVA\u0164 SLU\u017dBU<\/p>","protected":false},"author":1,"featured_media":0,"parent":2210,"menu_order":0,"comment_status":"closed","ping_status":"closed","template":"","meta":{"om_disable_all_campaigns":false,"_monsterinsights_skip_tracking":false,"_monsterinsights_sitenote_active":false,"_monsterinsights_sitenote_note":"","_monsterinsights_sitenote_category":0,"_uf_show_specific_survey":0,"_uf_disable_surveys":false,"footnotes":""},"class_list":["post-2375","page","type-page","status-publish","hentry"],"aioseo_notices":[],"_links":{"self":[{"href":"https:\/\/www.extradesignblog.eu\/en\/wp-json\/wp\/v2\/pages\/2375","targetHints":{"allow":["GET"]}}],"collection":[{"href":"https:\/\/www.extradesignblog.eu\/en\/wp-json\/wp\/v2\/pages"}],"about":[{"href":"https:\/\/www.extradesignblog.eu\/en\/wp-json\/wp\/v2\/types\/page"}],"author":[{"embeddable":true,"href":"https:\/\/www.extradesignblog.eu\/en\/wp-json\/wp\/v2\/users\/1"}],"replies":[{"embeddable":true,"href":"https:\/\/www.extradesignblog.eu\/en\/wp-json\/wp\/v2\/comments?post=2375"}],"version-history":[{"count":6,"href":"https:\/\/www.extradesignblog.eu\/en\/wp-json\/wp\/v2\/pages\/2375\/revisions"}],"predecessor-version":[{"id":2569,"href":"https:\/\/www.extradesignblog.eu\/en\/wp-json\/wp\/v2\/pages\/2375\/revisions\/2569"}],"up":[{"embeddable":true,"href":"https:\/\/www.extradesignblog.eu\/en\/wp-json\/wp\/v2\/pages\/2210"}],"wp:attachment":[{"href":"https:\/\/www.extradesignblog.eu\/en\/wp-json\/wp\/v2\/media?parent=2375"}],"curies":[{"name":"wp","href":"https:\/\/api.w.org\/{rel}","templated":true}]}}