{"id":2370,"date":"2026-03-13T14:14:48","date_gmt":"2026-03-13T13:14:48","guid":{"rendered":"https:\/\/www.extradesignblog.eu\/?page_id=2370"},"modified":"2026-03-22T21:01:53","modified_gmt":"2026-03-22T20:01:53","slug":"navrh-dispozicie","status":"publish","type":"page","link":"https:\/\/www.extradesignblog.eu\/en\/sluzby\/navrh-dispozicie\/","title":{"rendered":"Interior Layouts"},"content":{"rendered":"<div data-elementor-type=\"wp-page\" data-elementor-id=\"2370\" class=\"elementor elementor-2370\">\n\t\t\t\t<div class=\"elementor-element elementor-element-5fae4b2 e-flex e-con-boxed wpr-particle-no wpr-jarallax-no wpr-parallax-no wpr-sticky-section-no e-con e-parent\" data-id=\"5fae4b2\" data-element_type=\"container\">\n\t\t\t\t\t<div class=\"e-con-inner\">\n\t\t\t\t<div class=\"elementor-element elementor-element-3b0e937 elementor-widget elementor-widget-text-editor\" data-id=\"3b0e937\" data-element_type=\"widget\" data-widget_type=\"text-editor.default\">\n\t\t\t\t<div class=\"elementor-widget-container\">\n\t\t\t\t\t\t\t\t\t<p>Spatial Layout Design<\/p>\t\t\t\t\t\t\t\t<\/div>\n\t\t\t\t<\/div>\n\t\t\t\t<div class=\"elementor-element elementor-element-e7744af elementor-widget elementor-widget-text-editor\" data-id=\"e7744af\" data-element_type=\"widget\" data-widget_type=\"text-editor.default\">\n\t\t\t\t<div class=\"elementor-widget-container\">\n\t\t\t\t\t\t\t\t\t<p>Who is this service for?<\/p>\t\t\t\t\t\t\t\t<\/div>\n\t\t\t\t<\/div>\n\t\t\t\t\t<\/div>\n\t\t\t\t<\/div>\n\t\t<div class=\"elementor-element elementor-element-8487a05 e-flex e-con-boxed wpr-particle-no wpr-jarallax-no wpr-parallax-no wpr-sticky-section-no e-con e-parent\" data-id=\"8487a05\" data-element_type=\"container\">\n\t\t\t\t\t<div class=\"e-con-inner\">\n\t\t\t\t<div class=\"elementor-element elementor-element-d467b84 elementor-widget elementor-widget-text-editor\" data-id=\"d467b84\" data-element_type=\"widget\" data-widget_type=\"text-editor.default\">\n\t\t\t\t<div class=\"elementor-widget-container\">\n\t\t\t\t\t\t\t\t\t<p>This service is designed for clients who wish <strong>to explore the full potential of their space<\/strong> before beginning an interior design project or renovation. The goal is <strong>to refine the spatial layout<\/strong>, zefekt\u00edvni\u0165 prev\u00e1dzku interi\u00e9ru a definova\u0165 usporiadanie vstavan\u00e9ho a solit\u00e9rneho n\u00e1bytku s presn\u00fdmi rozmermi. Mo\u017enos\u0165 objedna\u0165 aj pre rie\u0161enia kancel\u00e1rskych alebo komer\u010dn\u00fdch priestorov.<\/p>\t\t\t\t\t\t\t\t<\/div>\n\t\t\t\t<\/div>\n\t\t\t\t<div class=\"elementor-element elementor-element-57295f2 elementor-widget elementor-widget-text-editor\" data-id=\"57295f2\" data-element_type=\"widget\" data-widget_type=\"text-editor.default\">\n\t\t\t\t<div class=\"elementor-widget-container\">\n\t\t\t\t\t\t\t\t\t<p><strong>Typical situations:<\/strong> rethinking the layout during a renovation, reviewing a floor plan before purchasing a new property, optimising smaller apartments, merging or dividing rooms, redesigning individual spaces, or developing space plans for office and commercial environments.<\/p>\t\t\t\t\t\t\t\t<\/div>\n\t\t\t\t<\/div>\n\t\t\t\t<div class=\"elementor-element elementor-element-0b69c43 elementor-widget elementor-widget-heading\" data-id=\"0b69c43\" data-element_type=\"widget\" data-widget_type=\"heading.default\">\n\t\t\t\t<div class=\"elementor-widget-container\">\n\t\t\t\t\t<h3 class=\"elementor-heading-title elementor-size-default\">The package includes<\/h3>\t\t\t\t<\/div>\n\t\t\t\t<\/div>\n\t\t\t\t<div class=\"elementor-element elementor-element-d136463 elementor-widget elementor-widget-text-editor\" data-id=\"d136463\" data-element_type=\"widget\" data-widget_type=\"text-editor.default\">\n\t\t\t\t<div class=\"elementor-widget-container\">\n\t\t\t\t\t\t\t\t\t<p><strong>Scope of service:<\/strong><\/p><ol><li>Review of the provided drawings and analysis of the existing layout<\/li><li>Development of two alternative layout concepts<\/li><li>Consultation with professional recommendations<\/li><li>Finalised spatial layout including built-in and freestanding furniture placement.<\/li><li>The project remains open for six weeks after delivery, allowing time for follow-up consultations<\/li><\/ol>\t\t\t\t\t\t\t\t<\/div>\n\t\t\t\t<\/div>\n\t\t\t\t<div class=\"elementor-element elementor-element-52313b2 elementor-widget elementor-widget-text-editor\" data-id=\"52313b2\" data-element_type=\"widget\" data-widget_type=\"text-editor.default\">\n\t\t\t\t<div class=\"elementor-widget-container\">\n\t\t\t\t\t\t\t\t\t<p><strong>Project deliverables:<\/strong><\/p><p>Deliverables (PDF drawings): 1\u00d7 Interior layout plan \u2013 proposed spatial arrangement with furniture placement, 1\u00d7 Floor plan with dimensions, 1\u00d7 Drawing with key furniture dimensions (spaceplan)<\/p>\t\t\t\t\t\t\t\t<\/div>\n\t\t\t\t<\/div>\n\t\t\t\t\t<\/div>\n\t\t\t\t<\/div>\n\t\t<div class=\"elementor-element elementor-element-f017824 e-flex e-con-boxed wpr-particle-no wpr-jarallax-no wpr-parallax-no wpr-sticky-section-no e-con e-parent\" data-id=\"f017824\" data-element_type=\"container\">\n\t\t\t\t\t<div class=\"e-con-inner\">\n\t\t\t\t<div class=\"elementor-element elementor-element-314245c elementor-align-center elementor-widget elementor-widget-button\" data-id=\"314245c\" data-element_type=\"widget\" data-widget_type=\"button.default\">\n\t\t\t\t<div class=\"elementor-widget-container\">\n\t\t\t\t\t\t\t\t\t<div class=\"elementor-button-wrapper\">\n\t\t\t\t\t<a class=\"elementor-button elementor-button-link elementor-size-sm\" href=\"https:\/\/www.extradesignblog.eu\/en\/contact\/\">\n\t\t\t\t\t\t<span class=\"elementor-button-content-wrapper\">\n\t\t\t\t\t\t\t\t\t<span class=\"elementor-button-text\">BOOK THIS SERVICE<\/span>\n\t\t\t\t\t<\/span>\n\t\t\t\t\t<\/a>\n\t\t\t\t<\/div>\n\t\t\t\t\t\t\t\t<\/div>\n\t\t\t\t<\/div>\n\t\t\t\t\t<\/div>\n\t\t\t\t<\/div>\n\t\t\t\t<\/div>","protected":false},"excerpt":{"rendered":"<p>N\u00e1vrh dispoz\u00edcie (p\u00f4dorysu) Pre koho? Slu\u017eba je ur\u010den\u00e1 pre klientov, ktor\u00ed chc\u00fa preveri\u0165 mo\u017enosti svojho priestoru pred n\u00e1vrhom interi\u00e9ru alebo rekon\u0161trukciou. Cie\u013eom je optimalizova\u0165 dispozi\u010dn\u00e9 rie\u0161enie, zefekt\u00edvni\u0165 prev\u00e1dzku interi\u00e9ru a definova\u0165 usporiadanie vstavan\u00e9ho a solit\u00e9rneho n\u00e1bytku s presn\u00fdmi rozmermi. Mo\u017enos\u0165 objedna\u0165 aj pre rie\u0161enia kancel\u00e1rskych alebo komer\u010dn\u00fdch priestorov. Vhodn\u00e9 pri: h\u013eadan\u00ed vhodnej\u0161ieho rie\u0161enia pri rekon\u0161trukcii bytu alebo domu, overen\u00ed p\u00f4dorysu pri k\u00fape nov\u00e9ho projektu, optimaliz\u00e1cii men\u0161ieho bytu, sp\u00e1jan\u00ed alebo rozde\u013eovan\u00ed miestnost\u00ed, h\u013eadan\u00ed nov\u00e9ho rie\u0161enia pre samostatn\u00e9 miestnosti, spaceplany pre office a komer\u010dn\u00fd interi\u00e9r, at\u010f. Bal\u00edk projektu obsahuje: Rozsah slu\u017eby Prevzatie podkladov, anal\u00fdza existuj\u00facej dispoz\u00edcie Dve variantn\u00e9 rie\u0161enia p\u00f4dorysu Konzult\u00e1cia p\u00f4dorysov s odpor\u00fa\u010daniami Fin\u00e1lne dispozi\u010dn\u00e9 rie\u0161enie vr\u00e1tane\u00a0 vstavan\u00e9ho a solit\u00e9rneho n\u00e1bytku Projekt otvoren\u00fd po dobu 6-tich t\u00fd\u017ed\u0148ov po odvzdan\u00ed pre mo\u017enos\u0165 pokra\u010dovania pr\u00e1c, konzult\u00e1cie s extern\u00fdmi firmami a podobne V\u00fdstupy projektu Preh\u013eadn\u00e9 PDF v\u00fdkresy: 1x p\u00f4dorysn\u00fd n\u00e1vrh interi\u00e9ru, 1x v\u00fdkres s rozmermi navrhovan\u00fdch miestnost\u00ed, 1x v\u00fdkres s rozmermi hlavn\u00fdch n\u00e1bytkov\u00fdch prvkov REZERVOVA\u0164 SLU\u017dBU<\/p>","protected":false},"author":1,"featured_media":0,"parent":2210,"menu_order":0,"comment_status":"closed","ping_status":"closed","template":"","meta":{"om_disable_all_campaigns":false,"_monsterinsights_skip_tracking":false,"_monsterinsights_sitenote_active":false,"_monsterinsights_sitenote_note":"","_monsterinsights_sitenote_category":0,"_uf_show_specific_survey":0,"_uf_disable_surveys":false,"footnotes":""},"class_list":["post-2370","page","type-page","status-publish","hentry"],"aioseo_notices":[],"_links":{"self":[{"href":"https:\/\/www.extradesignblog.eu\/en\/wp-json\/wp\/v2\/pages\/2370","targetHints":{"allow":["GET"]}}],"collection":[{"href":"https:\/\/www.extradesignblog.eu\/en\/wp-json\/wp\/v2\/pages"}],"about":[{"href":"https:\/\/www.extradesignblog.eu\/en\/wp-json\/wp\/v2\/types\/page"}],"author":[{"embeddable":true,"href":"https:\/\/www.extradesignblog.eu\/en\/wp-json\/wp\/v2\/users\/1"}],"replies":[{"embeddable":true,"href":"https:\/\/www.extradesignblog.eu\/en\/wp-json\/wp\/v2\/comments?post=2370"}],"version-history":[{"count":6,"href":"https:\/\/www.extradesignblog.eu\/en\/wp-json\/wp\/v2\/pages\/2370\/revisions"}],"predecessor-version":[{"id":2549,"href":"https:\/\/www.extradesignblog.eu\/en\/wp-json\/wp\/v2\/pages\/2370\/revisions\/2549"}],"up":[{"embeddable":true,"href":"https:\/\/www.extradesignblog.eu\/en\/wp-json\/wp\/v2\/pages\/2210"}],"wp:attachment":[{"href":"https:\/\/www.extradesignblog.eu\/en\/wp-json\/wp\/v2\/media?parent=2370"}],"curies":[{"name":"wp","href":"https:\/\/api.w.org\/{rel}","templated":true}]}}