{"id":145,"date":"2022-04-19T10:35:58","date_gmt":"2022-04-19T08:35:58","guid":{"rendered":"https:\/\/demosites.royal-elementor-addons.com\/personal-blog-v2\/?page_id=145"},"modified":"2026-03-03T13:17:43","modified_gmt":"2026-03-03T12:17:43","slug":"contact","status":"publish","type":"page","link":"https:\/\/www.extradesignblog.eu\/en\/contact\/","title":{"rendered":"Contact"},"content":{"rendered":"<div data-elementor-type=\"wp-page\" data-elementor-id=\"145\" class=\"elementor elementor-145\">\n\t\t\t\t\t\t<section class=\"elementor-section elementor-top-section elementor-element elementor-element-5d9f83f elementor-section-boxed elementor-section-height-default elementor-section-height-default wpr-particle-no wpr-jarallax-no wpr-parallax-no wpr-sticky-section-no\" data-id=\"5d9f83f\" data-element_type=\"section\">\n\t\t\t\t\t\t<div class=\"elementor-container elementor-column-gap-wide\">\n\t\t\t\t\t<div class=\"elementor-column elementor-col-100 elementor-top-column elementor-element elementor-element-1283cae\" data-id=\"1283cae\" data-element_type=\"column\">\n\t\t\t<div class=\"elementor-widget-wrap elementor-element-populated\">\n\t\t\t\t\t\t<div class=\"elementor-element elementor-element-bae15cb elementor-widget elementor-widget-heading\" data-id=\"bae15cb\" data-element_type=\"widget\" data-widget_type=\"heading.default\">\n\t\t\t\t<div class=\"elementor-widget-container\">\n\t\t\t\t\t<h2 class=\"elementor-heading-title elementor-size-default\">Contact us!<\/h2>\t\t\t\t<\/div>\n\t\t\t\t<\/div>\n\t\t\t\t<div class=\"elementor-element elementor-element-fe7161c elementor-widget-divider--view-line elementor-widget elementor-widget-divider\" data-id=\"fe7161c\" data-element_type=\"widget\" data-widget_type=\"divider.default\">\n\t\t\t\t<div class=\"elementor-widget-container\">\n\t\t\t\t\t\t\t<div class=\"elementor-divider\">\n\t\t\t<span class=\"elementor-divider-separator\">\n\t\t\t\t\t\t<\/span>\n\t\t<\/div>\n\t\t\t\t\t\t<\/div>\n\t\t\t\t<\/div>\n\t\t\t\t<div class=\"elementor-element elementor-element-a20d3c9 elementor-widget elementor-widget-text-editor\" data-id=\"a20d3c9\" data-element_type=\"widget\" data-widget_type=\"text-editor.default\">\n\t\t\t\t<div class=\"elementor-widget-container\">\n\t\t\t\t\t\t\t\t\t<p><strong>For marketing or business collaborations,<\/strong> reach out to us by filling out the form below or by emailing <a href=\"mailto:blog@extradesignblog.eu\">blog@extradesignblog.eu<\/a><\/p><p><strong>For interior design inquiries and project services, <\/strong>reach out to us by filling out the form below or by emailing <a href=\"mailto:lubica@extradesignblog.eu\">lubica@extradesignblog.eu<\/a>\u00a0<\/p><p><!-- \/wp:paragraph --><\/p>\t\t\t\t\t\t\t\t<\/div>\n\t\t\t\t<\/div>\n\t\t\t\t<div class=\"elementor-element elementor-element-73bcf54 elementor-widget elementor-widget-text-editor\" data-id=\"73bcf54\" data-element_type=\"widget\" data-widget_type=\"text-editor.default\">\n\t\t\t\t<div class=\"elementor-widget-container\">\n\t\t\t\t\t\t\t\t\t<p><strong>For an initial price quote for interior design, please send us:\u00a0\u00a0<\/strong><\/p><ol><li>The current floor plan<\/li><li>Brief information about the project (e.g. description of the proposed solution, photographs, timeline details)<\/li><\/ol><p><!-- \/wp:paragraph --><\/p>\t\t\t\t\t\t\t\t<\/div>\n\t\t\t\t<\/div>\n\t\t\t\t<div class=\"elementor-element elementor-element-a647b2f elementor-widget elementor-widget-text-editor\" data-id=\"a647b2f\" data-element_type=\"widget\" data-widget_type=\"text-editor.default\">\n\t\t\t\t<div class=\"elementor-widget-container\">\n\t\t\t\t\t\t\t\t\t<p><strong>International inquiries or projects can be commissioned through the Upwork platform.<\/strong>Currently in two project tiers - <a href=\"https:\/\/www.upwork.com\/services\/product\/design-full-interior-design-package-for-a-single-room-up-to-25-m2-1988222344244514070?image=1988243870385913026\">Projects up to 25 <span id=\"_x8mmaYSfO6uhjfYP7ZG9sQQ_47\" class=\"K6pdKd wtBS9\">m\u00b2<\/span><\/a> and <a href=\"https:\/\/www.upwork.com\/services\/product\/design-full-interior-design-for-multi-function-room-up-to-50-m2-1988282134105548264?ref=project_share&amp;tier=0\">Projects up to 50 <span id=\"_x8mmaYSfO6uhjfYP7ZG9sQQ_47\" class=\"K6pdKd wtBS9\">m\u00b2<\/span><\/a>. Each divided into three packages based on the scope of services requested or required for your project.\nEnglish-language projects may also be commissioned directly via email through our standard process.<\/p><p><!-- \/wp:paragraph --><\/p>\t\t\t\t\t\t\t\t<\/div>\n\t\t\t\t<\/div>\n\t\t\t\t<div class=\"elementor-element elementor-element-5ba7d9c wpr-forms-align-left wpr-forms-submit-left elementor-widget elementor-widget-wpr-forms\" data-id=\"5ba7d9c\" data-element_type=\"widget\" data-widget_type=\"wpr-forms.default\">\n\t\t\t\t<div class=\"elementor-widget-container\">\n\t\t\t\t\t<div class=\"wpr-forms-container wpr-custom-chk-radio\">\n<div class=\"wpcf7 no-js\" id=\"wpcf7-f461-o1\" lang=\"en-US\" dir=\"ltr\">\n<div class=\"screen-reader-response\"><p role=\"status\" aria-live=\"polite\" aria-atomic=\"true\"><\/p> <ul><\/ul><\/div>\n<form action=\"\/en\/wp-json\/wp\/v2\/pages\/145#wpcf7-f461-o1\" method=\"post\" class=\"wpcf7-form init\" aria-label=\"Contact form\" novalidate=\"novalidate\" data-status=\"init\" data-trp-original-action=\"\/en\/wp-json\/wp\/v2\/pages\/145#wpcf7-f461-o1\">\n<div style=\"display: none;\">\n<input type=\"hidden\" name=\"_wpcf7\" value=\"461\" \/>\n<input type=\"hidden\" name=\"_wpcf7_version\" value=\"5.8.5\" \/>\n<input type=\"hidden\" name=\"_wpcf7_locale\" value=\"en_US\" \/>\n<input type=\"hidden\" name=\"_wpcf7_unit_tag\" value=\"wpcf7-f461-o1\" \/>\n<input type=\"hidden\" name=\"_wpcf7_container_post\" value=\"0\" \/>\n<input type=\"hidden\" name=\"_wpcf7_posted_data_hash\" value=\"\" \/>\n<\/div>\n<p><label> Your name<br \/>\n<span class=\"wpcf7-form-control-wrap\" data-name=\"your-name\"><input size=\"40\" class=\"wpcf7-form-control wpcf7-text wpcf7-validates-as-required\" aria-required=\"true\" aria-invalid=\"false\" value=\"\" type=\"text\" name=\"your-name\" \/><\/span> <\/label>\n<\/p>\n<p><label> Your email<br \/>\n<span class=\"wpcf7-form-control-wrap\" data-name=\"your-email\"><input size=\"40\" class=\"wpcf7-form-control wpcf7-email wpcf7-validates-as-required wpcf7-text wpcf7-validates-as-email\" aria-required=\"true\" aria-invalid=\"false\" value=\"\" type=\"email\" name=\"your-email\" \/><\/span> <\/label>\n<\/p>\n<p><label> Subject<br \/>\n<span class=\"wpcf7-form-control-wrap\" data-name=\"your-subject\"><input size=\"40\" class=\"wpcf7-form-control wpcf7-text wpcf7-validates-as-required\" aria-required=\"true\" aria-invalid=\"false\" value=\"\" type=\"text\" name=\"your-subject\" \/><\/span> <\/label>\n<\/p>\n<p><label> Your message (optional)<br \/>\n<span class=\"wpcf7-form-control-wrap\" data-name=\"your-message\"><textarea cols=\"40\" rows=\"10\" class=\"wpcf7-form-control wpcf7-textarea\" aria-invalid=\"false\" name=\"your-message\"><\/textarea><\/span> <\/label>\n<\/p>\n<p><input class=\"wpcf7-form-control wpcf7-submit has-spinner\" type=\"submit\" value=\"Submit\" \/>\n<\/p><div class=\"wpcf7-response-output\" aria-hidden=\"true\"><\/div>\n<input type=\"hidden\" name=\"trp-form-language\" value=\"en\"\/><\/form>\n<\/div>\n<\/div>\t\t\t\t<\/div>\n\t\t\t\t<\/div>\n\t\t\t\t<div class=\"elementor-element elementor-element-d1c7193 elementor-widget elementor-widget-heading\" data-id=\"d1c7193\" data-element_type=\"widget\" data-widget_type=\"heading.default\">\n\t\t\t\t<div class=\"elementor-widget-container\">\n\t\t\t\t\t<h2 class=\"elementor-heading-title elementor-size-default\">Faktura\u010dn\u00e9 \u00fadaje:<\/h2>\t\t\t\t<\/div>\n\t\t\t\t<\/div>\n\t\t\t\t<div class=\"elementor-element elementor-element-e266851 elementor-widget elementor-widget-text-editor\" data-id=\"e266851\" data-element_type=\"widget\" data-widget_type=\"text-editor.default\">\n\t\t\t\t<div class=\"elementor-widget-container\">\n\t\t\t\t\t\t\t\t\t<p>\u00a0<\/p><p><strong>Ing. arch. \u013dubica Gregu\u0161ov\u00e1, Bratislava, SR\u00a0\u00a0<\/strong>I\u010cO: 56766882\u00a0 DI\u010c: 1129631151<\/p><p><!-- \/wp:paragraph --><\/p>\t\t\t\t\t\t\t\t<\/div>\n\t\t\t\t<\/div>\n\t\t\t\t\t<\/div>\n\t\t<\/div>\n\t\t\t\t\t<\/div>\n\t\t<\/section>\n\t\t\t\t<\/div>","protected":false},"excerpt":{"rendered":"<p>Kontaktujte n\u00e1s! Pre marketingov\u00fa alebo obchodn\u00fa spolupr\u00e1cu n\u00e1s kontaktujte vyplnen\u00edm nasledovn\u00e9ho formul\u00e1ru alebo mailom na blog@extradesignblog.eu Pre n\u00e1vrhy interi\u00e9rov a projektov\u00fa \u010dinnos\u0165 n\u00e1s kontaktujte vyplnen\u00edm nasledovn\u00e9ho formul\u00e1ru alebo mailom na lubica@extradesignblog.eu\u00a0 Pre promptn\u00fa cenov\u00fa ponuku na n\u00e1vrh interi\u00e9ru n\u00e1m po\u0161lite:\u00a0\u00a0 P\u00f4dorys s\u00fa\u010dasn\u00e9ho stavu Stru\u010dn\u00e9 inform\u00e1cie o projekte (popis rie\u0161enia, fotografie, \u010dasov\u00e9 inform\u00e1cie) Viac inform\u00e1cii o medzin\u00e1rodn\u00fdch dopytoch (mimo SR a \u010cR) n\u00e1jdete na anglickej verzii str\u00e1nky, v sekcii Contact. Aktu\u00e1lne s\u00fa pon\u00fakan\u00e9 2 kateg\u00f3rie &#8211; projekty do 25 m\u00b2 a projekty do 50 m\u00b2. Ka\u017ed\u00fd v troch bal\u00edkoch. Your name Your email Subject Your message (optional) Faktura\u010dn\u00e9 \u00fadaje: \u00a0 Ing. arch. \u013dubica Gregu\u0161ov\u00e1, Bratislava, SR\u00a0\u00a0I\u010cO: 56766882\u00a0 DI\u010c: 1129631151<\/p>","protected":false},"author":1,"featured_media":0,"parent":0,"menu_order":0,"comment_status":"closed","ping_status":"closed","template":"elementor_canvas","meta":{"om_disable_all_campaigns":false,"_monsterinsights_skip_tracking":false,"_monsterinsights_sitenote_active":false,"_monsterinsights_sitenote_note":"","_monsterinsights_sitenote_category":0,"_uf_show_specific_survey":0,"_uf_disable_surveys":false,"footnotes":""},"class_list":["post-145","page","type-page","status-publish","hentry"],"aioseo_notices":[],"_links":{"self":[{"href":"https:\/\/www.extradesignblog.eu\/en\/wp-json\/wp\/v2\/pages\/145","targetHints":{"allow":["GET"]}}],"collection":[{"href":"https:\/\/www.extradesignblog.eu\/en\/wp-json\/wp\/v2\/pages"}],"about":[{"href":"https:\/\/www.extradesignblog.eu\/en\/wp-json\/wp\/v2\/types\/page"}],"author":[{"embeddable":true,"href":"https:\/\/www.extradesignblog.eu\/en\/wp-json\/wp\/v2\/users\/1"}],"replies":[{"embeddable":true,"href":"https:\/\/www.extradesignblog.eu\/en\/wp-json\/wp\/v2\/comments?post=145"}],"version-history":[{"count":6,"href":"https:\/\/www.extradesignblog.eu\/en\/wp-json\/wp\/v2\/pages\/145\/revisions"}],"predecessor-version":[{"id":2285,"href":"https:\/\/www.extradesignblog.eu\/en\/wp-json\/wp\/v2\/pages\/145\/revisions\/2285"}],"wp:attachment":[{"href":"https:\/\/www.extradesignblog.eu\/en\/wp-json\/wp\/v2\/media?parent=145"}],"curies":[{"name":"wp","href":"https:\/\/api.w.org\/{rel}","templated":true}]}}